{"id":1124,"date":"2018-09-27T07:33:52","date_gmt":"2018-09-27T07:33:52","guid":{"rendered":"https:\/\/www.amicianimali.it\/it\/?page_id=1124"},"modified":"2018-09-27T09:08:18","modified_gmt":"2018-09-27T09:08:18","slug":"politica-per-i-cookie","status":"publish","type":"page","link":"https:\/\/www.amicianimali.it\/it\/politica-per-i-cookie\/","title":{"rendered":"Politica per i cookie"},"content":{"rendered":"<p>&nbsp;<\/p>\n<p><strong>Tutto quello che devi sapere sull&#8217;utilizzo dei cookie quando navighi il nostro sito.<\/strong><\/p>\n<p>L&#8217;accesso al sito www.stsgroup.it pu\u00f2 comportare l&#8217;invio, da parte dei nostri server al pc dell&#8217;utente, dei cosiddetti &#8220;cookies&#8221;, ossia di files che consentono di ottenere informazioni sulle pagine visitate al fine di rendere pi\u00f9 veloce l&#8217;utilizzo dei vari servizi.<br \/>\nSTS Group abbina le informazioni raccolte dai cookie ad altri dati forniti da lei su di s\u00e9 o di altro tipo raccolti ai fini riportati nella nostra Informativa privacy.<br \/>\nSe non vuole che il nostro sito non collochi cookie nel suo dispositivo, pu\u00f2 rifiutare il loro impiego attraverso le impostazioni del suo browser.<br \/>\nIn tal caso non garantiamo la corretta fruizione dei servizi offerti sul sito www.stsgroup.it.<\/p>\n<p><strong>Finalit\u00e0 e tipologie dei cookie<\/strong><\/p>\n<p>In base alla funzione e alla finalit\u00e0 di utilizzo, i cookie possono suddividersi in cookie tecnici, cookie di profilazione, cookie di terze parti.<\/p>\n<p><strong>Cookie tecnici<\/strong><\/p>\n<p>Sono cookie utilizzati per eseguire autenticazioni informatiche, monitoraggio di sessioni e memorizzazione di informazioni specifiche sugli utenti che accedono ad una pagina web.<br \/>\nQuesti cookie sono spesso utili, perch\u00e9 possono rendere pi\u00f9 veloce e rapida la navigazione e fruizione del web, perch\u00e9 ad esempio intervengono a facilitare alcune procedure per fare acquisti online o per le autenticazioni ad aree ad accesso riservato. Una particolare tipologia di cookie tecnici, detti analytics, vengono poi utilizzati per raccogliere informazioni, in forma aggregata, sul numero degli utenti e su come questi visitano il sito stesso, e quindi elaborare statistiche generali sul servizio e sul suo utilizzo.<\/p>\n<p><strong>Cookie di profilazione<\/strong><\/p>\n<p>I cookie di profilazione invece possono essere utilizzati per monitorare e profilare gli utenti durante la navigazione, studiare i loro movimenti e abitudini di consultazione del web o di consumo, anche allo scopo di inviare pubblicit\u00e0 di servizi mirati e personalizzati.<\/p>\n<p><strong>Cookie di terze parti<\/strong><\/p>\n<p>I cookie di terze parti sono cookie provenienti da altri siti e contenuti in vari elementi ospitati sulla pagina stessa, come ad esempio banner pubblicitari, immagini, video, ecc.. Detti cookie sono impostati direttamente da gestori di siti web o server diversi dal Sito www.stsgroup.it<\/p>\n<p><strong>Di seguito i link alle informazioni sui cookie di terze parti:<\/strong><\/p>\n<p>Facebook: https:\/\/www.facebook.com\/privacy\/explanation<br \/>\nInstagram: https:\/\/help.instagram.com\/155833707900388<br \/>\nTwitter: https:\/\/help.twitter.com\/it\/rules-and-policies\/update-privacy-policy<br \/>\nGoogle+: https:\/\/policies.google.com\/privacy?hl=it&amp;gl=it<br \/>\nPinterest: https:\/\/policy.pinterest.com\/en\/privacy-policy<\/p>\n<div class=\"brz-root__container\"><\/div>\n","protected":false},"excerpt":{"rendered":"<p>&nbsp; Tutto quello che devi sapere sull&#8217;utilizzo dei cookie quando navighi il nostro sito. L&#8217;accesso al sito www.stsgroup.it pu\u00f2 comportare l&#8217;invio, da parte dei nostri server al pc dell&#8217;utente, dei cosiddetti &#8220;cookies&#8221;, ossia di files che consentono di ottenere informazioni sulle pagine visitate al fine di rendere pi\u00f9 veloce l&#8217;utilizzo dei vari servizi. STS Group abbina le informazioni raccolte dai cookie ad altri dati forniti da lei su di s\u00e9 o di altro tipo raccolti ai fini riportati nella nostra Informativa privacy. Se non vuole che il nostro sito non collochi cookie nel suo dispositivo, pu\u00f2 rifiutare il loro impiego attraverso le impostazioni del suo browser. In tal caso non garantiamo la corretta fruizione dei servizi offerti sul sito www.stsgroup.it. Finalit\u00e0 e tipologie dei cookie In base alla funzione e alla finalit\u00e0 di utilizzo, i cookie possono suddividersi in cookie tecnici, cookie di profilazione,&#8230;<\/p>\n","protected":false},"author":1,"featured_media":0,"parent":0,"menu_order":0,"comment_status":"closed","ping_status":"closed","template":"full-page-template.php","meta":{"footnotes":""},"class_list":["post-1124","page","type-page","status-publish","hentry"],"_links":{"self":[{"href":"https:\/\/www.amicianimali.it\/it\/wp-json\/wp\/v2\/pages\/1124","targetHints":{"allow":["GET"]}}],"collection":[{"href":"https:\/\/www.amicianimali.it\/it\/wp-json\/wp\/v2\/pages"}],"about":[{"href":"https:\/\/www.amicianimali.it\/it\/wp-json\/wp\/v2\/types\/page"}],"author":[{"embeddable":true,"href":"https:\/\/www.amicianimali.it\/it\/wp-json\/wp\/v2\/users\/1"}],"replies":[{"embeddable":true,"href":"https:\/\/www.amicianimali.it\/it\/wp-json\/wp\/v2\/comments?post=1124"}],"version-history":[{"count":5,"href":"https:\/\/www.amicianimali.it\/it\/wp-json\/wp\/v2\/pages\/1124\/revisions"}],"predecessor-version":[{"id":1132,"href":"https:\/\/www.amicianimali.it\/it\/wp-json\/wp\/v2\/pages\/1124\/revisions\/1132"}],"wp:attachment":[{"href":"https:\/\/www.amicianimali.it\/it\/wp-json\/wp\/v2\/media?parent=1124"}],"curies":[{"name":"wp","href":"https:\/\/api.w.org\/{rel}","templated":true}]}}